{"id":323,"date":"2021-12-13T14:27:53","date_gmt":"2021-12-13T11:27:53","guid":{"rendered":"https:\/\/www.ergsan.com.tr\/?page_id=323"},"modified":"2021-12-13T14:29:24","modified_gmt":"2021-12-13T11:29:24","slug":"kurumsal_eng","status":"publish","type":"page","link":"https:\/\/www.ergsan.com.tr\/?page_id=323&lang=en","title":{"rendered":"Kurumsal_Eng"},"content":{"rendered":"<section class=\"l-section wpb_row height_auto full_height valign_center width_full\"><div class=\"l-section-h i-cf\"><div class=\"g-cols via_grid cols_1 laptops-cols_inherit tablets-cols_inherit mobiles-cols_1 valign_top type_default\"><div class=\"wpb_column vc_column_container\"><div class=\"vc_column-inner\"><div class=\"w-image align_center\"><div class=\"w-image-h\"><img loading=\"lazy\" decoding=\"async\" width=\"1920\" height=\"442\" src=\"https:\/\/www.ergsan.com.tr\/wp-content\/uploads\/2021\/09\/slide5.jpg\" class=\"attachment-full size-full\" alt=\"\" srcset=\"https:\/\/www.ergsan.com.tr\/wp-content\/uploads\/2021\/09\/slide5.jpg 1920w, https:\/\/www.ergsan.com.tr\/wp-content\/uploads\/2021\/09\/slide5-300x69.jpg 300w, https:\/\/www.ergsan.com.tr\/wp-content\/uploads\/2021\/09\/slide5-1024x236.jpg 1024w\" sizes=\"auto, (max-width: 1920px) 100vw, 1920px\" \/><\/div><\/div><\/div><\/div><\/div><\/div><\/section><section class=\"l-section wpb_row height_medium\"><div class=\"l-section-h i-cf\"><div class=\"g-cols via_grid cols_1 laptops-cols_inherit tablets-cols_inherit mobiles-cols_1 valign_top type_default\"><div class=\"wpb_column vc_column_container\"><div class=\"vc_column-inner\"><h3 class=\"w-text us_custom_3d5e8122 has_text_color\"><span class=\"w-text-h\"><i class=\"material-icons\">arrow_right_alt<\/i><span class=\"w-text-value\">INSTITUTIONAL<\/span><\/span><\/h3><div class=\"w-separator size_small with_line width_default thick_5 style_solid color_border align_center\"><div class=\"w-separator-h\"><\/div><\/div><\/div><\/div><\/div><\/div><\/section><section class=\"l-section wpb_row height_small\"><div class=\"l-section-h i-cf\"><div class=\"g-cols via_grid cols_2-1 laptops-cols_inherit tablets-cols_inherit mobiles-cols_1 valign_top type_default\"><div class=\"wpb_column vc_column_container\"><div class=\"vc_column-inner\"><div class=\"w-tabs layout_ver navpos_left navwidth_auto style_default switch_click\"><div class=\"w-tabs-list align_none items_4\" style=\"font-size:1em;\"><div class=\"w-tabs-list-h\"><a class=\"w-tabs-item active\" aria-controls=\"content-v971\" href=\"javascript:void(0);\"><span class=\"w-tabs-item-title\">ABOUT US<\/span><\/a><a class=\"w-tabs-item\" aria-controls=\"content-jc11\" href=\"javascript:void(0);\"><span class=\"w-tabs-item-title\">OUR MISSION<\/span><\/a><a class=\"w-tabs-item\" aria-controls=\"content-fe48\" href=\"javascript:void(0);\"><span class=\"w-tabs-item-title\">OUR VISION<\/span><\/a><a class=\"w-tabs-item\" aria-controls=\"content-p0c3\" href=\"javascript:void(0);\"><span class=\"w-tabs-item-title\">OUR QUALITY POLICY<\/span><\/a><\/div><\/div><div class=\"w-tabs-sections\"><div class=\"w-tabs-sections-h\"><div class=\"w-tabs-section active\" id=\"v971\"><button aria-controls=\"content-v971\" class=\"w-tabs-section-header active align_none icon_chevron cpos_right\" style=\"font-size:1em\"><div class=\"w-tabs-section-title\">ABOUT US<\/div><div class=\"w-tabs-section-control\"><\/div><\/button><div class=\"w-tabs-section-content\" id=\"content-v971\" aria-expanded=\"true\"><div class=\"w-tabs-section-content-h i-cf\"><div class=\"wpb_text_column\"><div class=\"wpb_wrapper\"><div class=\"col-xs-12 col-sm-8 col-md-9 margin-bottom-20\">\n<h5 class=\"no-margin-top font-bold color-2\">ABOUT US<\/h5>\n<p>ERGSAN has started to serve Industry Sector at 1988. After 10 years of the beginning ERGSAN&#8217;s Industrial life, ERGSAN has focused on Aluminum and Zamak Die Casting Industry. After the beginning of his successful Industrial Life on the sector, ERGSAN have considered his profits on new investments and moved on 2009 to the new 2.500 m^2 Factory in Izmir Kemalpasa.<\/p>\n<div class=\"row\"><\/div>\n<\/div>\n<\/div><\/div><\/div><\/div><\/div><div class=\"w-tabs-section\" id=\"jc11\"><button aria-controls=\"content-jc11\" class=\"w-tabs-section-header align_none icon_chevron cpos_right\" style=\"font-size:1em\"><div class=\"w-tabs-section-title\">OUR MISSION<\/div><div class=\"w-tabs-section-control\"><\/div><\/button><div class=\"w-tabs-section-content\" id=\"content-jc11\" aria-expanded=\"false\"><div class=\"w-tabs-section-content-h i-cf\"><div class=\"wpb_text_column\"><div class=\"wpb_wrapper\"><div class=\"container\">\n<div class=\"row\">\n<div class=\"col-xs-12\">\n<div class=\"row\">\n<div class=\"col-xs-12 col-sm-8 col-md-9 margin-bottom-20\">\n<div class=\"col-xs-12 col-sm-8 col-md-9 margin-bottom-20\">\n<h5 class=\"no-margin-top font-bold color-2\">OUR MISSION<\/h5>\n<ul>\n<li>Our target is to meet our client\u2019s needs and expectations without comprom\u0131s\u0131ng on quality as quickly as poss\u0131ble<\/li>\n<li>We adopt the management to be participant<\/li>\n<li>We treat equal and give value to all our employees<\/li>\n<li>We follow and apply the technological renewing\u2019s to \u0131ncrease our quality and accelerate our production<\/li>\n<li>We obey the laws<\/li>\n<\/ul>\n<div class=\"row\"><\/div>\n<\/div>\n<\/div>\n<\/div>\n<\/div>\n<\/div>\n<\/div>\n<\/div><\/div><\/div><\/div><\/div><div class=\"w-tabs-section\" id=\"fe48\"><button aria-controls=\"content-fe48\" class=\"w-tabs-section-header align_none icon_chevron cpos_right\" style=\"font-size:1em\"><div class=\"w-tabs-section-title\">OUR VISION<\/div><div class=\"w-tabs-section-control\"><\/div><\/button><div class=\"w-tabs-section-content\" id=\"content-fe48\" aria-expanded=\"false\"><div class=\"w-tabs-section-content-h i-cf\"><div class=\"wpb_text_column\"><div class=\"wpb_wrapper\"><div class=\"col-xs-12 col-sm-8 col-md-9 margin-bottom-20\">\n<div class=\"col-xs-12 col-sm-8 col-md-9 margin-bottom-20\">\n<h5 class=\"no-margin-top font-bold color-2\">OUR VISION<\/h5>\n<p>In producing component part, quality and the amount of production whit raw materials of zamak(Zinc) and aluminum to be \u0131n one of the first ten manufacturer in Europe<\/p>\n<div class=\"row\"><\/div>\n<\/div>\n<\/div>\n<\/div><\/div><\/div><\/div><\/div><div class=\"w-tabs-section\" id=\"p0c3\"><button aria-controls=\"content-p0c3\" class=\"w-tabs-section-header align_none icon_chevron cpos_right\" style=\"font-size:1em\"><div class=\"w-tabs-section-title\">OUR QUALITY POLICY<\/div><div class=\"w-tabs-section-control\"><\/div><\/button><div class=\"w-tabs-section-content\" id=\"content-p0c3\" aria-expanded=\"false\"><div class=\"w-tabs-section-content-h i-cf\"><div class=\"wpb_text_column\"><div class=\"wpb_wrapper\"><div class=\"container\">\n<div class=\"row\">\n<div class=\"col-xs-12\">\n<div class=\"row\">\n<div class=\"col-xs-12 col-sm-8 col-md-9 margin-bottom-20\">\n<div class=\"col-xs-12 col-sm-8 col-md-9 margin-bottom-20\">\n<h5 class=\"no-margin-top font-bold color-2\">OUR QUALITY POLICY<\/h5>\n<ul>\n<li>In quality, delivery and price, to be always a preferred company by our clients<\/li>\n<li>To ensure our employees to be trained, experienced and participant<\/li>\n<li>To build a strong relationship between suppliers and our company<\/li>\n<li>To get success in management, production and control by following modern technology<\/li>\n<li>Cont\u0131nuous improvement for excellence to rest renewing and development<\/li>\n<li>To protect nature from all of our act\u0131v\u0131t\u0131es and give importance to energy savings<\/li>\n<\/ul>\n<div class=\"row\"><\/div>\n<\/div>\n<\/div>\n<\/div>\n<\/div>\n<\/div>\n<\/div>\n<\/div><\/div><\/div><\/div><\/div><\/div><\/div><\/div><\/div><\/div><div class=\"wpb_column vc_column_container us_custom_53914dab has_bg_color\"><div class=\"vc_column-inner\"><div class=\"w-separator size_huge\"><\/div><\/div><\/div><\/div><\/div><\/section>\n","protected":false},"excerpt":{"rendered":"arrow_right_altINSTITUTIONALABOUT USOUR MISSIONOUR VISIONOUR QUALITY POLICYABOUT US ABOUT US ERGSAN has started to serve Industry Sector at 1988. After 10 years of the beginning ERGSAN&#8217;s Industrial life, ERGSAN has focused on Aluminum and Zamak Die Casting Industry. After the beginning of his successful Industrial Life on the sector, ERGSAN have considered his profits on new...","protected":false},"author":1,"featured_media":0,"parent":0,"menu_order":0,"comment_status":"closed","ping_status":"closed","template":"","meta":{"footnotes":""},"class_list":["post-323","page","type-page","status-publish","hentry"],"_links":{"self":[{"href":"https:\/\/www.ergsan.com.tr\/index.php?rest_route=\/wp\/v2\/pages\/323","targetHints":{"allow":["GET"]}}],"collection":[{"href":"https:\/\/www.ergsan.com.tr\/index.php?rest_route=\/wp\/v2\/pages"}],"about":[{"href":"https:\/\/www.ergsan.com.tr\/index.php?rest_route=\/wp\/v2\/types\/page"}],"author":[{"embeddable":true,"href":"https:\/\/www.ergsan.com.tr\/index.php?rest_route=\/wp\/v2\/users\/1"}],"replies":[{"embeddable":true,"href":"https:\/\/www.ergsan.com.tr\/index.php?rest_route=%2Fwp%2Fv2%2Fcomments&post=323"}],"version-history":[{"count":3,"href":"https:\/\/www.ergsan.com.tr\/index.php?rest_route=\/wp\/v2\/pages\/323\/revisions"}],"predecessor-version":[{"id":326,"href":"https:\/\/www.ergsan.com.tr\/index.php?rest_route=\/wp\/v2\/pages\/323\/revisions\/326"}],"wp:attachment":[{"href":"https:\/\/www.ergsan.com.tr\/index.php?rest_route=%2Fwp%2Fv2%2Fmedia&parent=323"}],"curies":[{"name":"wp","href":"https:\/\/api.w.org\/{rel}","templated":true}]}}