{"id":121,"date":"2021-09-14T21:45:52","date_gmt":"2021-09-14T18:45:52","guid":{"rendered":"https:\/\/www.ergsan.com.tr\/?page_id=121"},"modified":"2021-09-14T23:29:07","modified_gmt":"2021-09-14T20:29:07","slug":"uretim","status":"publish","type":"page","link":"https:\/\/www.ergsan.com.tr\/?page_id=121","title":{"rendered":"\u00dcretim"},"content":{"rendered":"<section class=\"l-section wpb_row height_medium width_full\"><div class=\"l-section-h i-cf\"><div class=\"g-cols via_grid cols_1 laptops-cols_inherit tablets-cols_inherit mobiles-cols_1 valign_top type_default\"><div class=\"wpb_column vc_column_container\"><div class=\"vc_column-inner\"><div class=\"w-image align_center\"><div class=\"w-image-h\"><img loading=\"lazy\" decoding=\"async\" width=\"1920\" height=\"442\" src=\"https:\/\/www.ergsan.com.tr\/wp-content\/uploads\/2021\/09\/slide5.jpg\" class=\"attachment-full size-full\" alt=\"\" srcset=\"https:\/\/www.ergsan.com.tr\/wp-content\/uploads\/2021\/09\/slide5.jpg 1920w, https:\/\/www.ergsan.com.tr\/wp-content\/uploads\/2021\/09\/slide5-300x69.jpg 300w, https:\/\/www.ergsan.com.tr\/wp-content\/uploads\/2021\/09\/slide5-1024x236.jpg 1024w\" sizes=\"auto, (max-width: 1920px) 100vw, 1920px\" \/><\/div><\/div><\/div><\/div><\/div><\/div><\/section><section class=\"l-section wpb_row us_custom_2722725c height_small\"><div class=\"l-section-overlay\" style=\"background:#c90404\"><\/div><div class=\"l-section-h i-cf\"><div class=\"g-cols via_grid cols_1 laptops-cols_inherit tablets-cols_inherit mobiles-cols_1 valign_top type_default\" style=\"grid-gap:0;\"><div class=\"wpb_column vc_column_container\"><div class=\"vc_column-inner\"><h3 class=\"w-text us_custom_307beb90 has_text_color\"><span class=\"w-text-h\"><i class=\"material-icons\">arrow_right_alt<\/i><span class=\"w-text-value\">\u00dcRET\u0130M<\/span><\/span><\/h3><div class=\"w-separator size_small with_line width_default thick_5 style_solid color_border align_center\"><div class=\"w-separator-h\"><\/div><\/div><\/div><\/div><\/div><\/div><\/section><section class=\"l-section wpb_row height_small\"><div class=\"l-section-h i-cf\"><div class=\"g-cols via_grid cols_2-1 laptops-cols_inherit tablets-cols_inherit mobiles-cols_1 valign_top type_default\"><div class=\"wpb_column vc_column_container\"><div class=\"vc_column-inner\"><div class=\"w-tabs layout_ver navpos_left navwidth_auto style_default switch_click\"><div class=\"w-tabs-list align_none items_3\" style=\"font-size:1em;\"><div class=\"w-tabs-list-h\"><a class=\"w-tabs-item active\" aria-controls=\"content-z9ee\" href=\"javascript:void(0);\"><span class=\"w-tabs-item-title\">D\u00d6K\u00dcM<\/span><\/a><a class=\"w-tabs-item\" aria-controls=\"content-j418\" href=\"javascript:void(0);\"><span class=\"w-tabs-item-title\">KALIP<\/span><\/a><a class=\"w-tabs-item\" aria-controls=\"content-z9fa\" href=\"javascript:void(0);\"><span class=\"w-tabs-item-title\">ELEKTROSTAT\u0130K TOZ BOYA<\/span><\/a><\/div><\/div><div class=\"w-tabs-sections\"><div class=\"w-tabs-sections-h\"><div class=\"w-tabs-section active\" id=\"z9ee\"><button aria-controls=\"content-z9ee\" class=\"w-tabs-section-header active align_none icon_chevron cpos_right\" style=\"font-size:1em\"><div class=\"w-tabs-section-title\">D\u00d6K\u00dcM<\/div><div class=\"w-tabs-section-control\"><\/div><\/button><div class=\"w-tabs-section-content\" id=\"content-z9ee\" aria-expanded=\"true\"><div class=\"w-tabs-section-content-h i-cf\"><div class=\"wpb_text_column\"><div class=\"wpb_wrapper\"><div class=\"col-xs-12 col-sm-8 col-md-9 margin-bottom-20\">\n<h5 class=\"no-margin-top font-bold color-2\">D\u00d6K\u00dcM<\/h5>\n<p>ERGSAN insan hatas\u0131n\u0131 en aza indirmek amac\u0131yla d\u00f6k\u00fcm b\u00f6l\u00fcm\u00fcnde full otomatik robotlu Enjeksiyon makinelerini tercih ederek minimum oranda hatal\u0131 \u00fcretimi hedeflemi\u015ftir. Bu ama\u00e7 do\u011frutusunda a\u015fa\u011f\u0131daki makine park\u0131na yat\u0131r\u0131m yapm\u0131\u015ft\u0131r.<\/p>\n<ul>\n<li>1 Adet 1000Ton Bas\u0131n\u00e7 Kapasiteli Full Otomatik Robotlu Al\u00fcminyum Enjeksiyon<\/li>\n<li>1 Adet 700Ton Bas\u0131n\u00e7 Kapasiteli Full Otomatik Robotlu Al\u00fcminyum Enjeksiyon<\/li>\n<li>1 Adet 750Ton Bas\u0131n\u00e7 Kapasiteli Full Otomatik Robotlu Al\u00fcminyum Enjeksiyon<\/li>\n<li>1 Adet 420 Ton Bas\u0131n\u00e7 Kapasiteli Full Otomatik Robotlu Al\u00fcminyum Enjeksiyon<\/li>\n<li>2 Adet 250 Ton Bas\u0131n\u00e7 Kapasiteli Full Otomatik Robotlu Al\u00fcminyum Enjeksiyon<\/li>\n<li>1 Adet 250 Ton Bas\u0131n\u00e7 Kapasiteli Full Otomatik Robotlu Zamak Enjeksiyon<\/li>\n<li>1 Adet 220 Ton Bas\u0131n\u00e7 Kapasiteli Full Otomatik Robotlu Zamak Enjeksiyon<\/li>\n<li>2 Adet 160 Ton Bas\u0131n\u00e7 Kapasiteli Full Otomatik Robotlu Zamak Enjeksiyon<\/li>\n<li>1 Adet 100 Ton Bas\u0131n\u00e7 Kapasiteli Full Otomatik Robotlu Zamak Enjeksiyon<\/li>\n<li>1 Adet 130 Ton Bas\u0131n\u00e7 Kapasiteli Full Otomatik Robotlu Zamak Enjeksiyon<\/li>\n<li>1 Adet 100 Ton Bas\u0131n\u00e7 Kapasiteli Full Otomatik Robotlu Zamak Enjeksiyon<\/li>\n<li>1 Adet 80 Ton Bas\u0131n\u00e7 Kapasiteli Full Otomatik Robotlu Zamak Enjeksiyon<\/li>\n<li>1 Adet 50 Ton Bas\u0131n\u00e7 Kapasiteli Full Otomatik Robotlu Zamak Enjeksiyon<\/li>\n<li>1 Adet 38 Ton Bas\u0131n\u00e7 Kapasiteli Full Otomatik Robotlu Zamak Enjeksiyon<\/li>\n<\/ul>\n<p><strong>Ergsan sahip oldu\u011fu makine park\u0131yla beyaz e\u015fya ve otomotiv sekt\u00f6r\u00fcnde y\u0131ll\u0131k 2000 ton al\u00fcminyum \u00a0ve y\u0131ll\u0131k 2000 ton \u00a0zamak kapasitesiyle m\u00fc\u015fterilerine hizmet vermektedir.<\/strong><\/p>\n<\/div>\n<\/div><\/div><\/div><\/div><\/div><div class=\"w-tabs-section\" id=\"j418\"><button aria-controls=\"content-j418\" class=\"w-tabs-section-header align_none icon_chevron cpos_right\" style=\"font-size:1em\"><div class=\"w-tabs-section-title\">KALIP<\/div><div class=\"w-tabs-section-control\"><\/div><\/button><div class=\"w-tabs-section-content\" id=\"content-j418\" aria-expanded=\"false\"><div class=\"w-tabs-section-content-h i-cf\"><div class=\"wpb_text_column\"><div class=\"wpb_wrapper\"><div class=\"col-xs-12 col-sm-8 col-md-9 margin-bottom-20\">\n<h5 class=\"no-margin-top font-bold color-2\">KALIP<\/h5>\n<p>Vizyonunda yer alan s\u00fcrekli yat\u0131r\u0131m ilkesiyle her ge\u00e7en g\u00fcn b\u00fcy\u00fcyen ERGSAN b\u00fcnyesinde bulundurdu\u011fu kal\u0131phanesinde \u00a0her t\u00fcrl\u00fc al\u00fcminyum, zamak ve plastik hacim kal\u0131b\u0131yla, kesme kal\u0131plar\u0131n\u0131 uluslararas\u0131 kalitede yapabilme beceresine sahiptir.<\/p>\n<p>ERGSAN kal\u0131phanesi tasar\u0131mdan m\u00fc\u015fteriye uzanan s\u00fcre\u00e7te her t\u00fcrl\u00fc iste\u011fe cevap verebilecek teknolojik donan\u0131m\u0131 b\u00fcnyesinde bulundurmaktad\u0131r. Tasar\u0131mda kullanm\u0131\u015f oldu\u011fu Cimatron , Solid Works ve Pro Engineer programlar\u0131yla t\u00fcm m\u00fc\u015fterilerinin farkl\u0131 ihtiya\u00e7lar\u0131na cevap verebilmektedir. ERGSAN kal\u0131phanesinde bulunan a\u015fa\u011f\u0131daki makine park\u0131yla her t\u00fcrl\u00fc kal\u0131b\u0131 en k\u0131sa s\u00fcrede \u00fcretip hatas\u0131z imalata haz\u0131r hale getirme becerisine sahiptir.<\/p>\n<p><img loading=\"lazy\" decoding=\"async\" class=\"alignnone size-full wp-image-155\" src=\"https:\/\/www.ergsan.com.tr\/wp-content\/uploads\/2021\/09\/mold.jpg\" alt=\"\" width=\"720\" height=\"100\" srcset=\"https:\/\/www.ergsan.com.tr\/wp-content\/uploads\/2021\/09\/mold.jpg 720w, https:\/\/www.ergsan.com.tr\/wp-content\/uploads\/2021\/09\/mold-300x42.jpg 300w\" sizes=\"auto, (max-width: 720px) 100vw, 720px\" \/><\/p>\n<ul>\n<li>1 Adet CNC KAFO (1500X800) dik i\u015flem merkezi<\/li>\n<li>1 Adet CNC DMC (1000X500) dik i\u015flem merkezi<\/li>\n<li>1 Adet AKIRA SEIKI \u00a0(750X400) dik i\u015flem merkezi<\/li>\n<li>1 Adet CINCINATI \u00a0(500X400) dik i\u015flem merkezi<\/li>\n<li>1 Adet CHARMILLES ROBOFIL 2020 EDM tel erezyon<\/li>\n<li>1 Adet CNC dalma erezyon<\/li>\n<li>3 Adet Manuel Dalma Erezyon<\/li>\n<li>5 Adet \u00dcniversal Freze<\/li>\n<li>3 Adet Manuel Torna<\/li>\n<li>1 Adet Y\u00fczey Ta\u015flama<\/li>\n<li>1 Adet Manuel Borwerk<\/li>\n<\/ul>\n<div class=\"row\"><\/div>\n<\/div>\n<div class=\"row\">\n<div class=\"col-xs-6 col-sm-3 margin-bottom-10\"><\/div>\n<\/div>\n<\/div><\/div><\/div><\/div><\/div><div class=\"w-tabs-section\" id=\"z9fa\"><button aria-controls=\"content-z9fa\" class=\"w-tabs-section-header align_none icon_chevron cpos_right\" style=\"font-size:1em\"><div class=\"w-tabs-section-title\">ELEKTROSTAT\u0130K TOZ BOYA<\/div><div class=\"w-tabs-section-control\"><\/div><\/button><div class=\"w-tabs-section-content\" id=\"content-z9fa\" aria-expanded=\"false\"><div class=\"w-tabs-section-content-h i-cf\"><div class=\"wpb_text_column\"><div class=\"wpb_wrapper\"><div class=\"col-xs-12 col-sm-8 col-md-9 margin-bottom-20\">\n<h5 class=\"no-margin-top font-bold color-2\">ELEKTROSTAT\u0130K TOZ BOYA<\/h5>\n<p>ERGSAN m\u00fc\u015fterilerinin t\u00fcm ihtiya\u00e7lar\u0131na cevap verebilmek ad\u0131na d\u00f6k\u00fcm sonras\u0131 prosesleride b\u00fcnyesine alm\u0131\u015ft\u0131r.<\/p>\n<p><strong>Bu ama\u00e7la b\u00fcnyesine,<\/strong><\/p>\n<ul>\n<li>2 adet trowal y\u00fczey temizleme tesisi<\/li>\n<li>2 adet elektrostatik toz boya tesisini dahil etmi\u015ftir.<\/li>\n<\/ul>\n<p><img loading=\"lazy\" decoding=\"async\" class=\"alignnone wp-image-156 size-full\" src=\"https:\/\/www.ergsan.com.tr\/wp-content\/uploads\/2021\/09\/powder.jpg\" alt=\"\" width=\"720\" height=\"150\" srcset=\"https:\/\/www.ergsan.com.tr\/wp-content\/uploads\/2021\/09\/powder.jpg 720w, https:\/\/www.ergsan.com.tr\/wp-content\/uploads\/2021\/09\/powder-300x63.jpg 300w\" sizes=\"auto, (max-width: 720px) 100vw, 720px\" \/><\/p>\n<\/div>\n<\/div><\/div><\/div><\/div><\/div><\/div><\/div><\/div><\/div><\/div><div class=\"wpb_column vc_column_container us_custom_53914dab has_bg_color\"><div class=\"vc_column-inner\"><div class=\"w-separator size_huge\"><\/div><\/div><\/div><\/div><\/div><\/section>\n","protected":false},"excerpt":{"rendered":"arrow_right_alt\u00dcRET\u0130MD\u00d6K\u00dcMKALIPELEKTROSTAT\u0130K TOZ BOYAD\u00d6K\u00dcM D\u00d6K\u00dcM ERGSAN insan hatas\u0131n\u0131 en aza indirmek amac\u0131yla d\u00f6k\u00fcm b\u00f6l\u00fcm\u00fcnde full otomatik robotlu Enjeksiyon makinelerini tercih ederek minimum oranda hatal\u0131 \u00fcretimi hedeflemi\u015ftir. Bu ama\u00e7 do\u011frutusunda a\u015fa\u011f\u0131daki makine park\u0131na yat\u0131r\u0131m yapm\u0131\u015ft\u0131r. 1 Adet 1000Ton Bas\u0131n\u00e7 Kapasiteli Full Otomatik Robotlu Al\u00fcminyum Enjeksiyon 1 Adet 700Ton Bas\u0131n\u00e7 Kapasiteli Full Otomatik Robotlu Al\u00fcminyum Enjeksiyon 1 Adet...","protected":false},"author":1,"featured_media":0,"parent":0,"menu_order":0,"comment_status":"closed","ping_status":"closed","template":"","meta":{"footnotes":""},"class_list":["post-121","page","type-page","status-publish","hentry"],"_links":{"self":[{"href":"https:\/\/www.ergsan.com.tr\/index.php?rest_route=\/wp\/v2\/pages\/121","targetHints":{"allow":["GET"]}}],"collection":[{"href":"https:\/\/www.ergsan.com.tr\/index.php?rest_route=\/wp\/v2\/pages"}],"about":[{"href":"https:\/\/www.ergsan.com.tr\/index.php?rest_route=\/wp\/v2\/types\/page"}],"author":[{"embeddable":true,"href":"https:\/\/www.ergsan.com.tr\/index.php?rest_route=\/wp\/v2\/users\/1"}],"replies":[{"embeddable":true,"href":"https:\/\/www.ergsan.com.tr\/index.php?rest_route=%2Fwp%2Fv2%2Fcomments&post=121"}],"version-history":[{"count":11,"href":"https:\/\/www.ergsan.com.tr\/index.php?rest_route=\/wp\/v2\/pages\/121\/revisions"}],"predecessor-version":[{"id":168,"href":"https:\/\/www.ergsan.com.tr\/index.php?rest_route=\/wp\/v2\/pages\/121\/revisions\/168"}],"wp:attachment":[{"href":"https:\/\/www.ergsan.com.tr\/index.php?rest_route=%2Fwp%2Fv2%2Fmedia&parent=121"}],"curies":[{"name":"wp","href":"https:\/\/api.w.org\/{rel}","templated":true}]}}