{"id":10,"date":"2021-09-13T13:07:19","date_gmt":"2021-09-13T10:07:19","guid":{"rendered":"https:\/\/www.ergsan.com.tr\/?page_id=10"},"modified":"2022-04-26T11:02:38","modified_gmt":"2022-04-26T08:02:38","slug":"anasayfa","status":"publish","type":"page","link":"https:\/\/www.ergsan.com.tr\/","title":{"rendered":"Anasayfa"},"content":{"rendered":"<section class=\"l-section wpb_row us_custom_e376ddaa height_small width_full\"><div class=\"l-section-h i-cf\"><div class=\"g-cols via_grid cols_1 laptops-cols_inherit tablets-cols_inherit mobiles-cols_1 valign_top type_default\"><div class=\"wpb_column vc_column_container\"><div class=\"vc_column-inner\"><div class=\"w-slider us_custom_b8689a2b style_none fit_contain\"><div class=\"w-slider-h\"><div class=\"royalSlider\"><div class=\"rsContent\"><a class=\"rsImg\" data-rsw=\"1920\" data-rsh=\"645\" href=\"https:\/\/www.ergsan.com.tr\/wp-content\/uploads\/2022\/03\/1-1.jpg\"><span data-alt=\"\"><\/span><\/a><\/div><div class=\"rsContent\"><a class=\"rsImg\" data-rsw=\"1920\" data-rsh=\"645\" href=\"https:\/\/www.ergsan.com.tr\/wp-content\/uploads\/2022\/03\/2-2.jpg\"><span data-alt=\"\"><\/span><\/a><\/div><div class=\"rsContent\"><a class=\"rsImg\" data-rsw=\"1920\" data-rsh=\"645\" href=\"https:\/\/www.ergsan.com.tr\/wp-content\/uploads\/2022\/03\/3-1.jpg\"><span data-alt=\"\"><\/span><\/a><\/div><div class=\"rsContent\"><a class=\"rsImg\" data-rsw=\"1920\" data-rsh=\"645\" href=\"https:\/\/www.ergsan.com.tr\/wp-content\/uploads\/2022\/03\/5.jpg\"><span data-alt=\"\"><\/span><\/a><\/div><div class=\"rsContent\"><a class=\"rsImg\" data-rsw=\"1920\" data-rsh=\"645\" href=\"https:\/\/www.ergsan.com.tr\/wp-content\/uploads\/2022\/03\/6.jpg\"><span data-alt=\"\"><\/span><\/a><\/div><div class=\"rsContent\"><a class=\"rsImg\" data-rsw=\"1920\" data-rsh=\"645\" href=\"https:\/\/www.ergsan.com.tr\/wp-content\/uploads\/2022\/03\/7.jpg\"><span data-alt=\"\"><\/span><\/a><\/div><div class=\"rsContent\"><a class=\"rsImg\" data-rsw=\"1920\" data-rsh=\"645\" href=\"https:\/\/www.ergsan.com.tr\/wp-content\/uploads\/2022\/03\/8.jpg\"><span data-alt=\"\"><\/span><\/a><\/div><\/div><img decoding=\"async\" src=\"https:\/\/www.ergsan.com.tr\/wp-content\/uploads\/2022\/03\/1-1.jpg\" width=\"1920\" height=\"645\" alt loading=\"lazy\"><\/div><div class=\"w-slider-json\" onclick='return {&quot;loop&quot;:true,&quot;fadeInLoadedSlide&quot;:false,&quot;slidesSpacing&quot;:0,&quot;imageScalePadding&quot;:0,&quot;numImagesToPreload&quot;:2,&quot;arrowsNav&quot;:true,&quot;arrowsNavAutoHide&quot;:false,&quot;transitionType&quot;:&quot;move&quot;,&quot;transitionSpeed&quot;:250,&quot;block&quot;:{&quot;moveEffect&quot;:&quot;none&quot;,&quot;speed&quot;:300},&quot;controlNavigation&quot;:&quot;none&quot;,&quot;imageScaleMode&quot;:&quot;fit&quot;,&quot;autoScaleSlider&quot;:true,&quot;autoScaleSliderWidth&quot;:1920,&quot;autoScaleSliderHeight&quot;:645,&quot;fitInViewport&quot;:false}'><\/div><\/div><\/div><\/div><\/div><\/div><\/section><!-- Row Backgrounds --><div class=\"upb_color\" data-bg-override=\"0\" data-bg-color=\"#000000\" data-fadeout=\"\" data-fadeout-percentage=\"30\" data-parallax-content=\"\" data-parallax-content-sense=\"30\" data-row-effect-mobile-disable=\"true\" data-img-parallax-mobile-disable=\"true\" data-rtl=\"false\"  data-custom-vc-row=\"\"  data-vc=\"6.7.0\"  data-is_old_vc=\"\"  data-theme-support=\"\"   data-overlay=\"false\" data-overlay-color=\"\" data-overlay-pattern=\"\" data-overlay-pattern-opacity=\"\" data-overlay-pattern-size=\"\"    ><\/div><section class=\"l-section wpb_row us_custom_e4f3b373 height_large color_alternate\"><div class=\"l-section-overlay\" style=\"background:#f7f6fb\"><\/div><div class=\"l-section-h i-cf\"><div class=\"g-cols via_grid cols_1 laptops-cols_inherit tablets-cols_inherit mobiles-cols_1 valign_top type_default\"><div class=\"wpb_column vc_column_container\"><div class=\"vc_column-inner\"><div class=\"g-cols wpb_row  hide_on_default hide_on_laptops via_grid cols_1 laptops-cols_inherit tablets-cols_inherit mobiles-cols_1 valign_top type_default\"><div class=\"wpb_column vc_column_container\"><div class=\"vc_column-inner\"><div class=\"w-separator size_huge\"><\/div><div class=\"w-separator size_huge\"><\/div><\/div><\/div><\/div><div class=\"w-separator size_medium\"><\/div><h3 class=\"w-text us_custom_3d5e8122 has_text_color\"><span class=\"w-text-h\"><i class=\"material-icons\">arrow_right_alt<\/i><span class=\"w-text-value\">KURUMSAL<\/span><\/span><\/h3><div class=\"g-cols wpb_row via_grid cols_2 laptops-cols_inherit tablets-cols_inherit mobiles-cols_1 valign_top type_default\"><div class=\"wpb_column vc_column_container\"><div class=\"vc_column-inner\"><div class=\"wpb_text_column us_custom_43ae9395 has_text_color\"><div class=\"wpb_wrapper\"><p><strong>Full otomatik robotlu Enjeksiyon makineleri<\/strong><\/p>\n<\/div><\/div><\/div><\/div><div class=\"wpb_column vc_column_container\"><div class=\"vc_column-inner\"><div class=\"wpb_text_column us_custom_95ebd667 has_text_color\"><div class=\"wpb_wrapper\"><p>ERGSAN insan hatas\u0131n\u0131 en aza indirmek amac\u0131yla d\u00f6k\u00fcm b\u00f6l\u00fcm\u00fcnde full otomatik robotlu Enjeksiyon makinelerini tercih ederek minimum oranda hatal\u0131 \u00fcretimi hedeflemi\u015ftir.<\/p>\n<\/div><\/div><\/div><\/div><\/div><div class=\"w-separator size_small\"><\/div><div class=\"wpb_column vc_column_container\"><div class=\"vc_column-inner\"><\/div><\/div><div class=\"g-cols wpb_row via_grid cols_3 laptops-cols_inherit tablets-cols_inherit mobiles-cols_1 valign_top type_default\"><div class=\"wpb_column vc_column_container\"><div class=\"vc_column-inner\"><div class=\"w-flipbox animation_cubetilt direction_w\"><div class=\"w-flipbox-h easing_easeInOutCirc\" style=\"transition-duration:0.5s;\"><div class=\"w-flipbox-hh\"><div class=\"w-flipbox-front us_custom_6131df72\" style=\"background-image:url(https:\/\/www.ergsan.com.tr\/wp-content\/uploads\/2022\/03\/1-1.svg);\"><div class=\"w-flipbox-front-h\"><\/div><\/div><div class=\"w-flipbox-back us_custom_6131df72\" style=\"display:none;background-image:url(https:\/\/www.ergsan.com.tr\/wp-content\/uploads\/2021\/09\/1-2.jpg);\"><div class=\"w-flipbox-back-h\"><\/div><\/div><\/div><\/div><\/div><\/div><\/div><div class=\"wpb_column vc_column_container\"><div class=\"vc_column-inner\"><div class=\"w-flipbox animation_cubetilt direction_w\"><div class=\"w-flipbox-h easing_easeInOutCirc\" style=\"transition-duration:0.5s;\"><div class=\"w-flipbox-hh\"><div class=\"w-flipbox-front us_custom_6131df72\" style=\"background-image:url(https:\/\/www.ergsan.com.tr\/wp-content\/uploads\/2022\/03\/2-1.svg);\"><div class=\"w-flipbox-front-h\"><\/div><\/div><div class=\"w-flipbox-back us_custom_6131df72\" style=\"display:none;background-image:url(https:\/\/www.ergsan.com.tr\/wp-content\/uploads\/2021\/09\/2-2.jpg);\"><div class=\"w-flipbox-back-h\"><\/div><\/div><\/div><\/div><\/div><\/div><\/div><div class=\"wpb_column vc_column_container\"><div class=\"vc_column-inner\"><div class=\"w-flipbox animation_cubetilt direction_w\"><div class=\"w-flipbox-h easing_easeInOutCirc\" style=\"transition-duration:0.5s;\"><div class=\"w-flipbox-hh\"><div class=\"w-flipbox-front us_custom_6131df72\" style=\"background-image:url(https:\/\/www.ergsan.com.tr\/wp-content\/uploads\/2022\/03\/3-1.svg);\"><div class=\"w-flipbox-front-h\"><\/div><\/div><div class=\"w-flipbox-back us_custom_6131df72\" style=\"display:none;background-image:url(https:\/\/www.ergsan.com.tr\/wp-content\/uploads\/2021\/09\/3-2.jpg);\"><div class=\"w-flipbox-back-h\"><\/div><\/div><\/div><\/div><\/div><\/div><\/div><\/div><\/div><\/div><\/div><\/div><\/section><section class=\"l-section wpb_row height_auto width_full\"><div class=\"l-section-h i-cf\"><div class=\"g-cols via_grid cols_2 laptops-cols_inherit tablets-cols_inherit mobiles-cols_1 valign_top type_default\"><div class=\"wpb_column vc_column_container\"><div class=\"vc_column-inner\"><div class=\"w-image us_custom_4da4b8e7 align_none\"><div class=\"w-image-h\"><img loading=\"lazy\" decoding=\"async\" width=\"738\" height=\"610\" src=\"https:\/\/www.ergsan.com.tr\/wp-content\/uploads\/2021\/09\/ilk-1.png\" class=\"attachment-full size-full\" alt=\"\" srcset=\"https:\/\/www.ergsan.com.tr\/wp-content\/uploads\/2021\/09\/ilk-1.png 738w, https:\/\/www.ergsan.com.tr\/wp-content\/uploads\/2021\/09\/ilk-1-300x248.png 300w\" sizes=\"auto, (max-width: 738px) 100vw, 738px\" \/><\/div><\/div><\/div><\/div><div class=\"wpb_column vc_column_container\"><div class=\"vc_column-inner\"><h3 class=\"w-text us_custom_57dc2b26 has_text_color\"><span class=\"w-text-h\"><i class=\"material-icons\">arrow_right_alt<\/i><span class=\"w-text-value\">Ergsan Kalitesi<\/span><\/span><\/h3><div class=\"wpb_text_column us_custom_6b27529f has_text_color\"><div class=\"wpb_wrapper\"><p>Her i\u015flem tasar\u0131m a\u015famas\u0131nda<\/p>\n<p>&#8220;YER\u0130NDE KAL\u0130TE&#8221; yi sa\u011flamak i\u00e7in<\/p>\n<p>planlanmakta ve denetlenmektedir.<\/p>\n<\/div><\/div><div class=\"wpb_text_column us_custom_8852341e has_text_color\"><div class=\"wpb_wrapper\"><p>PLANLA-UYGULA-KONTROL ET-\u00d6NLEM AL (P-U-K-\u00d6) d\u00f6ng\u00fcs\u00fc s\u00fcrekli olarak uygulanmaktad\u0131r. Operasyonlar s\u00fcre\u00e7lere ba\u011fl\u0131 kalarak standartlara , i\u015f talimatlar\u0131na g\u00f6re yerine getirilirken, s\u00fcrekli olarak &#8220;KA\u0130ZEN&#8221; noktalar\u0131 aranmaktad\u0131r. Bu nedenle, sonraki proseslerden, \u00f6l\u00e7\u00fcmlerden ve m\u00fc\u015fterilerden bilgi toplanmaktad\u0131r. Geli\u015ftirmenin ba\u015fka bir amac\u0131n\u0131 da potansiyel problemlerin \u015fimdiden \u00f6nlenmesi olu\u015fturmaktad\u0131r.<\/p>\n<\/div><\/div><\/div><\/div><\/div><\/div><\/section><section class=\"l-section wpb_row us_custom_d2199d32 height_auto width_full\"><div class=\"l-section-overlay\" style=\"background:#1e1d23\"><\/div><div class=\"l-section-h i-cf\"><div class=\"g-cols via_grid cols_2 laptops-cols_inherit tablets-cols_inherit mobiles-cols_1 valign_top type_default\"><div class=\"wpb_column vc_column_container\"><div class=\"vc_column-inner\"><div class=\"w-separator size_large\"><\/div><div class=\"g-cols wpb_row us_custom_4915910e via_grid cols_1 laptops-cols_inherit tablets-cols_inherit mobiles-cols_1 valign_top type_default\"><div class=\"wpb_column vc_column_container\"><div class=\"vc_column-inner\"><h3 class=\"w-text us_custom_bb907f99 has_text_color\"><span class=\"w-text-h\"><i class=\"material-icons\">arrow_right_alt<\/i><span class=\"w-text-value\">Kaizen (S\u00fcrekli \u0130yile\u015ftirme)<\/span><\/span><\/h3><div class=\"wpb_text_column us_custom_58c8987c has_text_color\"><div class=\"wpb_wrapper\"><p>\u00c7al\u0131\u015fma, ERGSAN` da monoton bir i\u015f de\u011fil, dinamik bir kavramd\u0131r.<\/p>\n<\/div><\/div><div class=\"wpb_text_column us_custom_0edf537f has_text_color\"><div class=\"wpb_wrapper\"><p>PLANLA-UYGULA-KONTROL ET-\u00d6NLEM AL (P-U-K-\u00d6) d\u00f6ng\u00fcs\u00fc s\u00fcrekli olarak uygulanmaktad\u0131r. Operasyonlar s\u00fcre\u00e7lere ba\u011fl\u0131 kalarak standartlara , i\u015f talimatlar\u0131na g\u00f6re yerine getirilirken, s\u00fcrekli olarak &#8220;KA\u0130ZEN&#8221; noktalar\u0131 aranmaktad\u0131r. Bu nedenle, sonraki proseslerden, \u00f6l\u00e7\u00fcmlerden ve m\u00fc\u015fterilerden bilgi toplanmaktad\u0131r. Geli\u015ftirmenin ba\u015fka bir amac\u0131n\u0131 da potansiyel problemlerin \u015fimdiden \u00f6nlenmesi olu\u015fturmaktad\u0131r.<\/p>\n<\/div><\/div><\/div><\/div><\/div><\/div><\/div><div class=\"wpb_column vc_column_container us_custom_34aea380\"><div class=\"vc_column-inner\"><div class=\"w-image align_none\"><div class=\"w-image-h\"><img loading=\"lazy\" decoding=\"async\" width=\"1000\" height=\"696\" src=\"https:\/\/www.ergsan.com.tr\/wp-content\/uploads\/2021\/09\/erpen-8-_wm_x_thumb.jpg\" class=\"attachment-full size-full\" alt=\"\" srcset=\"https:\/\/www.ergsan.com.tr\/wp-content\/uploads\/2021\/09\/erpen-8-_wm_x_thumb.jpg 1000w, https:\/\/www.ergsan.com.tr\/wp-content\/uploads\/2021\/09\/erpen-8-_wm_x_thumb-300x209.jpg 300w\" sizes=\"auto, (max-width: 1000px) 100vw, 1000px\" \/><\/div><\/div><\/div><\/div><\/div><\/div><\/section>\n","protected":false},"excerpt":{"rendered":"arrow_right_altKURUMSALFull otomatik robotlu Enjeksiyon makineleri ERGSAN insan hatas\u0131n\u0131 en aza indirmek amac\u0131yla d\u00f6k\u00fcm b\u00f6l\u00fcm\u00fcnde full otomatik robotlu Enjeksiyon makinelerini tercih ederek minimum oranda hatal\u0131 \u00fcretimi hedeflemi\u015ftir. arrow_right_altErgsan KalitesiHer i\u015flem tasar\u0131m a\u015famas\u0131nda &#8220;YER\u0130NDE KAL\u0130TE&#8221; yi sa\u011flamak i\u00e7in planlanmakta ve denetlenmektedir. PLANLA-UYGULA-KONTROL ET-\u00d6NLEM AL (P-U-K-\u00d6) d\u00f6ng\u00fcs\u00fc s\u00fcrekli olarak uygulanmaktad\u0131r. Operasyonlar s\u00fcre\u00e7lere ba\u011fl\u0131 kalarak standartlara , i\u015f talimatlar\u0131na...","protected":false},"author":1,"featured_media":0,"parent":0,"menu_order":0,"comment_status":"closed","ping_status":"closed","template":"","meta":{"footnotes":""},"class_list":["post-10","page","type-page","status-publish","hentry"],"_links":{"self":[{"href":"https:\/\/www.ergsan.com.tr\/index.php?rest_route=\/wp\/v2\/pages\/10","targetHints":{"allow":["GET"]}}],"collection":[{"href":"https:\/\/www.ergsan.com.tr\/index.php?rest_route=\/wp\/v2\/pages"}],"about":[{"href":"https:\/\/www.ergsan.com.tr\/index.php?rest_route=\/wp\/v2\/types\/page"}],"author":[{"embeddable":true,"href":"https:\/\/www.ergsan.com.tr\/index.php?rest_route=\/wp\/v2\/users\/1"}],"replies":[{"embeddable":true,"href":"https:\/\/www.ergsan.com.tr\/index.php?rest_route=%2Fwp%2Fv2%2Fcomments&post=10"}],"version-history":[{"count":143,"href":"https:\/\/www.ergsan.com.tr\/index.php?rest_route=\/wp\/v2\/pages\/10\/revisions"}],"predecessor-version":[{"id":463,"href":"https:\/\/www.ergsan.com.tr\/index.php?rest_route=\/wp\/v2\/pages\/10\/revisions\/463"}],"wp:attachment":[{"href":"https:\/\/www.ergsan.com.tr\/index.php?rest_route=%2Fwp%2Fv2%2Fmedia&parent=10"}],"curies":[{"name":"wp","href":"https:\/\/api.w.org\/{rel}","templated":true}]}}